{"id":3025,"date":"2024-12-04T10:52:44","date_gmt":"2024-12-04T03:52:44","guid":{"rendered":"https:\/\/sbsedu.vn\/?page_id=3025"},"modified":"2024-12-04T10:52:44","modified_gmt":"2024-12-04T03:52:44","slug":"dang-ky-tham-du-su-kien-hanh-trinh-tu-thuy-si-ra-the-gioi","status":"publish","type":"page","link":"https:\/\/sbsedu.vn\/vi\/dang-ky-tham-du-su-kien-hanh-trinh-tu-thuy-si-ra-the-gioi\/","title":{"rendered":"\u0110\u0102NG K\u00dd THAM D\u1ef0 S\u1ef1 ki\u1ec7n H\u00c0NH TR\u00ccNH T\u1eea TH\u1ee4Y S\u0128 RA TH\u1ebe GI\u1edaI"},"content":{"rendered":"<p><img decoding=\"async\" loading=\"lazy\" class=\"alignnone size-full wp-image-3001\" src=\"https:\/\/sbsedu.vn\/wp-content\/uploads\/2024\/12\/1200x628-1.png\" alt=\"\" width=\"2400\" height=\"1256\" srcset=\"https:\/\/sbsedu.vn\/wp-content\/uploads\/2024\/12\/1200x628-1.png 2400w, https:\/\/sbsedu.vn\/wp-content\/uploads\/2024\/12\/1200x628-1-300x157.png 300w, https:\/\/sbsedu.vn\/wp-content\/uploads\/2024\/12\/1200x628-1-1024x536.png 1024w, https:\/\/sbsedu.vn\/wp-content\/uploads\/2024\/12\/1200x628-1-768x402.png 768w, https:\/\/sbsedu.vn\/wp-content\/uploads\/2024\/12\/1200x628-1-1536x804.png 1536w, https:\/\/sbsedu.vn\/wp-content\/uploads\/2024\/12\/1200x628-1-2048x1072.png 2048w, https:\/\/sbsedu.vn\/wp-content\/uploads\/2024\/12\/1200x628-1-18x9.png 18w\" sizes=\"(max-width: 2400px) 100vw, 2400px\" \/><\/p>\n<div class='fluentform fluentform_wrapper_14'><form data-form_id=\"14\" id=\"fluentform_14\" class=\"frm-fluent-form fluent_form_14 ff-el-form-top ff_form_instance_14_1 ff-form-loading\" data-form_instance=\"ff_form_instance_14_1\" method=\"POST\" ><fieldset style=\"border: none!important;margin: 0!important;padding: 0!important;background-color: transparent!important;box-shadow: none!important;outline: none!important; min-inline-size: 100%;\">\n                    <legend class=\"ff_screen_reader_title\" style=\"display: block; margin: 0!important;padding: 0!important;height: 0!important;text-indent: -999999px;width: 0!important;overflow:hidden;\">MINI EVENT SBS<\/legend>        <span style=\"display: none !important;\"><input type=\"checkbox\"\n                name=\"item__14__fluent_checkme_\"\n                value=\"1\" style=\"display:none !important;\" tabindex=\"-1\"><\/span>\n        <input type='hidden' name='__fluent_form_embded_post_id' value='3025' \/><input type=\"hidden\" id=\"_fluentform_14_fluentformnonce\" name=\"_fluentform_14_fluentformnonce\" value=\"83dd5862a6\" \/><input type=\"hidden\" name=\"_wp_http_referer\" value=\"\/vi\/wp-json\/wp\/v2\/pages\/3025\" \/><div data-type=\"name-element\" data-name=\"names\" class=\" ff-field_container ff-name-field-wrapper\" ><div class='ff-t-container'><div class='ff-t-cell '><div class='ff-el-group'><div class=\"ff-el-input--label asterisk-right\"><label for='ff_14_names_first_name_' aria-label=\"First Name\">First Name<\/label><\/div><div class='ff-el-input--content'><input type=\"text\" name=\"names[first_name]\" id=\"ff_14_names_first_name_\" class=\"ff-el-form-control\" placeholder=\"First Name\" aria-invalid=\"false\" aria-required=false><\/div><\/div><\/div><div class='ff-t-cell '><div class='ff-el-group'><div class=\"ff-el-input--label asterisk-right\"><label for='ff_14_names_last_name_' aria-label=\"Last Name\">Last Name<\/label><\/div><div class='ff-el-input--content'><input type=\"text\" name=\"names[last_name]\" id=\"ff_14_names_last_name_\" class=\"ff-el-form-control\" placeholder=\"Last Name\" aria-invalid=\"false\" aria-required=false><\/div><\/div><\/div><\/div><\/div><div data-name=\"ff_cn_id_1\"  class='ff-t-container ff-column-container ff_columns_total_2  '><div class='ff-t-cell ff-t-column-1' style='flex-basis: 50%;'><div class='ff-el-group'><div class=\"ff-el-input--label ff-el-is-required asterisk-right\"><label for='ff_14_numeric-field' aria-label=\"Phone Number\">Phone Number<\/label><\/div><div class='ff-el-input--content'><input type=\"number\" name=\"numeric-field\" id=\"ff_14_numeric-field\" class=\"ff-el-form-control\" placeholder=\"Phone Number\" data-name=\"numeric-field\" inputmode=\"numeric\" step=\"any\"  aria-invalid=\"false\" aria-required=true><\/div><\/div><\/div><div class='ff-t-cell ff-t-column-2' style='flex-basis: 50%;'><div class='ff-el-group'><div class=\"ff-el-input--label asterisk-right\"><label for='ff_14_email' aria-label=\"Email\">Email<\/label><\/div><div class='ff-el-input--content'><input type=\"email\" name=\"email\" id=\"ff_14_email\" class=\"ff-el-form-control\" placeholder=\"Email Address\" data-name=\"email\"  aria-invalid=\"false\" aria-required=false><\/div><\/div><\/div><\/div><div class='ff-el-group'><div class=\"ff-el-input--label ff-el-is-required asterisk-right\"><label for='ff_14_input_text' aria-label=\"City\/ province (t\u1ec9nh, th\u00e0nh ph\u1ed1 \u0111ang sinh s\u1ed1ng)\">City\/ province (t\u1ec9nh, th\u00e0nh ph\u1ed1 \u0111ang sinh s\u1ed1ng)<\/label><\/div><div class='ff-el-input--content'><input type=\"text\" name=\"input_text\" class=\"ff-el-form-control\" placeholder=\"City\/ province (t\u1ec9nh, th\u00e0nh ph\u1ed1 \u0111ang sinh s\u1ed1ng)\" data-name=\"input_text\" id=\"ff_14_input_text\"  aria-invalid=\"false\" aria-required=true><\/div><\/div><div class='ff-el-group ' ><div class='ff-el-input--content'><div data-fluent_id='14' name='g-recaptcha-response'><div\n\t\tdata-sitekey='6LeSaw4qAAAAAHLyM_lV-_VqIgeI0ztoDmXzHxpY'\n\t\tid='fluentform-recaptcha-14'\n\t\tclass='ff-el-recaptcha g-recaptcha'\n\t\tdata-callback='fluentFormrecaptchaSuccessCallback'><\/div><\/div><\/div><\/div><div class='ff-el-group ff-text-left ff_submit_btn_wrapper'><button type=\"submit\" class=\"ff-btn ff-btn-submit ff-btn-md ff_btn_style\" >\u0110\u0102NG K\u00dd NGAY<\/button><\/div><\/fieldset><\/form><div id='fluentform_14_errors' class='ff-errors-in-stack ff_form_instance_14_1 ff-form-loading_errors ff_form_instance_14_1_errors'><\/div><\/div>        <script type=\"text\/javascript\">\n            window.fluent_form_ff_form_instance_14_1 = {\"id\":\"14\",\"settings\":{\"layout\":{\"labelPlacement\":\"top\",\"helpMessagePlacement\":\"with_label\",\"errorMessagePlacement\":\"inline\"},\"restrictions\":{\"denyEmptySubmission\":{\"enabled\":false}}},\"form_instance\":\"ff_form_instance_14_1\",\"form_id_selector\":\"fluentform_14\",\"rules\":{\"names[first_name]\":{\"required\":{\"value\":false,\"message\":\"This field is required\"}},\"names[middle_name]\":{\"required\":{\"value\":false,\"message\":\"This field is required\"}},\"names[last_name]\":{\"required\":{\"value\":false,\"message\":\"This field is required\"}},\"numeric-field\":{\"required\":{\"value\":true,\"message\":\"This field is required\"},\"numeric\":{\"value\":true,\"message\":\"This field must contain numeric value\"},\"min\":{\"value\":\"\",\"message\":\"Minimum value is \"},\"max\":{\"value\":\"\",\"message\":\"Maximum value is \"},\"digits\":{\"value\":\"\",\"message\":\"The number of digits has to be \"}},\"email\":{\"required\":{\"value\":false,\"message\":\"This field is required\"},\"email\":{\"value\":true,\"message\":\"This field must contain a valid email\"}},\"input_text\":{\"required\":{\"value\":true,\"message\":\"This field is required\"}},\"g-recaptcha-response\":[]}};\n                    <\/script>\n        \n","protected":false},"excerpt":{"rendered":"","protected":false},"author":5,"featured_media":0,"parent":0,"menu_order":0,"comment_status":"closed","ping_status":"closed","template":"","meta":{"inline_featured_image":false,"footnotes":""},"acf":[],"_links":{"self":[{"href":"https:\/\/sbsedu.vn\/vi\/wp-json\/wp\/v2\/pages\/3025"}],"collection":[{"href":"https:\/\/sbsedu.vn\/vi\/wp-json\/wp\/v2\/pages"}],"about":[{"href":"https:\/\/sbsedu.vn\/vi\/wp-json\/wp\/v2\/types\/page"}],"author":[{"embeddable":true,"href":"https:\/\/sbsedu.vn\/vi\/wp-json\/wp\/v2\/users\/5"}],"replies":[{"embeddable":true,"href":"https:\/\/sbsedu.vn\/vi\/wp-json\/wp\/v2\/comments?post=3025"}],"version-history":[{"count":1,"href":"https:\/\/sbsedu.vn\/vi\/wp-json\/wp\/v2\/pages\/3025\/revisions"}],"predecessor-version":[{"id":3026,"href":"https:\/\/sbsedu.vn\/vi\/wp-json\/wp\/v2\/pages\/3025\/revisions\/3026"}],"wp:attachment":[{"href":"https:\/\/sbsedu.vn\/vi\/wp-json\/wp\/v2\/media?parent=3025"}],"curies":[{"name":"wp","href":"https:\/\/api.w.org\/{rel}","templated":true}]}}