{"id":3040,"date":"2024-12-05T18:53:25","date_gmt":"2024-12-05T11:53:25","guid":{"rendered":"https:\/\/sbsedu.vn\/?page_id=3040"},"modified":"2026-02-02T12:02:34","modified_gmt":"2026-02-02T05:02:34","slug":"chuong-trinh-dao-tao","status":"publish","type":"page","link":"https:\/\/sbsedu.vn\/vi\/chuong-trinh-dao-tao\/","title":{"rendered":"Ch\u01b0\u01a1ng Tr\u00ecnh \u0110\u00e0o T\u1ea1o"},"content":{"rendered":"","protected":false},"excerpt":{"rendered":"","protected":false},"author":5,"featured_media":3045,"parent":0,"menu_order":0,"comment_status":"closed","ping_status":"closed","template":"templates\/homepage.php","meta":{"inline_featured_image":false,"footnotes":""},"acf":[],"_links":{"self":[{"href":"https:\/\/sbsedu.vn\/vi\/wp-json\/wp\/v2\/pages\/3040"}],"collection":[{"href":"https:\/\/sbsedu.vn\/vi\/wp-json\/wp\/v2\/pages"}],"about":[{"href":"https:\/\/sbsedu.vn\/vi\/wp-json\/wp\/v2\/types\/page"}],"author":[{"embeddable":true,"href":"https:\/\/sbsedu.vn\/vi\/wp-json\/wp\/v2\/users\/5"}],"replies":[{"embeddable":true,"href":"https:\/\/sbsedu.vn\/vi\/wp-json\/wp\/v2\/comments?post=3040"}],"version-history":[{"count":15,"href":"https:\/\/sbsedu.vn\/vi\/wp-json\/wp\/v2\/pages\/3040\/revisions"}],"predecessor-version":[{"id":8466,"href":"https:\/\/sbsedu.vn\/vi\/wp-json\/wp\/v2\/pages\/3040\/revisions\/8466"}],"wp:featuredmedia":[{"embeddable":true,"href":"https:\/\/sbsedu.vn\/vi\/wp-json\/wp\/v2\/media\/3045"}],"wp:attachment":[{"href":"https:\/\/sbsedu.vn\/vi\/wp-json\/wp\/v2\/media?parent=3040"}],"curies":[{"name":"wp","href":"https:\/\/api.w.org\/{rel}","templated":true}]}}